{"id":14,"date":"2025-09-23T22:18:11","date_gmt":"2025-09-23T20:18:11","guid":{"rendered":"http:\/\/weldingservices.pl\/?page_id=14"},"modified":"2025-09-25T01:49:43","modified_gmt":"2025-09-24T23:49:43","slug":"contact","status":"publish","type":"page","link":"https:\/\/weldingservices.pl\/?page_id=14","title":{"rendered":"Contact"},"content":{"rendered":"\t\t<div data-elementor-type=\"wp-page\" data-elementor-id=\"14\" class=\"elementor elementor-14\">\n\t\t\t\t<div class=\"elementor-element elementor-element-11a96964 e-flex e-con-boxed e-con e-parent\" data-id=\"11a96964\" data-element_type=\"container\" data-settings=\"{&quot;background_background&quot;:&quot;classic&quot;}\">\n\t\t\t\t\t<div class=\"e-con-inner\">\n\t\t<div class=\"elementor-element elementor-element-6cfeefc4 e-con-full e-flex e-con e-child\" data-id=\"6cfeefc4\" data-element_type=\"container\">\n\t\t\t\t<div class=\"elementor-element elementor-element-1b973565 elementor-widget elementor-widget-heading\" data-id=\"1b973565\" data-element_type=\"widget\" data-widget_type=\"heading.default\">\n\t\t\t\t\t<h1 class=\"elementor-heading-title elementor-size-default\">KONTAKT<\/h1>\t\t\t\t<\/div>\n\t\t\t\t<div class=\"elementor-element elementor-element-6830d5d3 elementor-widget elementor-widget-text-editor\" data-id=\"6830d5d3\" data-element_type=\"widget\" data-widget_type=\"text-editor.default\">\n\t\t\t\t\t\t\t\t\t<p><a href=\"#\">Home<\/a> \/ Contact Us<\/p>\t\t\t\t\t\t\t\t<\/div>\n\t\t\t\t<\/div>\n\t\t\t\t\t<\/div>\n\t\t\t\t<\/div>\n\t\t<div class=\"elementor-element elementor-element-a7ca13c e-flex e-con-boxed e-con e-parent\" data-id=\"a7ca13c\" data-element_type=\"container\">\n\t\t\t\t\t<div class=\"e-con-inner\">\n\t\t<div class=\"elementor-element elementor-element-77590ae8 e-con-full e-flex e-con e-child\" data-id=\"77590ae8\" data-element_type=\"container\">\n\t\t\t\t<div class=\"elementor-element elementor-element-1e078974 elementor-widget elementor-widget-heading\" data-id=\"1e078974\" data-element_type=\"widget\" data-widget_type=\"heading.default\">\n\t\t\t\t\t<div class=\"elementor-heading-title elementor-size-default\">Skontaktuj si\u0119 z nami<\/div>\t\t\t\t<\/div>\n\t\t\t\t<div class=\"elementor-element elementor-element-2a342940 elementor-widget elementor-widget-heading\" data-id=\"2a342940\" data-element_type=\"widget\" data-widget_type=\"heading.default\">\n\t\t\t\t\t<h2 class=\"elementor-heading-title elementor-size-default\">Masz pytania? Skontaktuj si\u0119 z nami!<\/h2>\t\t\t\t<\/div>\n\t\t\t\t<div class=\"elementor-element elementor-element-21e1ee3a elementor-widget elementor-widget-text-editor\" data-id=\"21e1ee3a\" data-element_type=\"widget\" data-widget_type=\"text-editor.default\">\n\t\t\t\t\t\t\t\t\t<p>Jeste\u015bmy do Twojej dyspozycji \u2013 ch\u0119tnie odpowiemy na wszystkie pytania, doradzimy i pomo\u017cemy w ka\u017cdej sprawie zwi\u0105zanej z nasz\u0105 ofert\u0105. Wybierz najwygodniejsz\u0105 dla Ciebie form\u0119 kontaktu:<\/p><p>\ud83d\udce7 E-mail: biuro.weldingservices@gmail.com<br \/>\ud83d\udcde Telefon: +48 516 725 059<br \/>\ud83c\udfe2 Adres: GUTY MA\u0141E 15 06-232 GUTY MA\u0141E (CZERWONKA)\u00a0<\/p>\t\t\t\t\t\t\t\t<\/div>\n\t\t\t\t<\/div>\n\t\t<div class=\"elementor-element elementor-element-74e29dfc e-con-full e-flex e-con e-child\" data-id=\"74e29dfc\" data-element_type=\"container\">\n\t\t\t\t<div class=\"elementor-element elementor-element-5ebbc789 elementor-widget elementor-widget-rform\" data-id=\"5ebbc789\" data-element_type=\"widget\" data-widget_type=\"rform.default\">\n\t\t\t\t<div class=\"elementor-widget-container\">\n\t\t\t\t\t <h6>Please Select Form.<\/h6>\r\n        \t\t\t\t<\/div>\n\t\t\t\t<\/div>\n\t\t\t\t<\/div>\n\t\t\t\t\t<\/div>\n\t\t\t\t<\/div>\n\t\t<div class=\"elementor-element elementor-element-4ea75e7 e-con-full e-flex e-con e-parent\" data-id=\"4ea75e7\" data-element_type=\"container\">\n\t\t\t\t<div class=\"elementor-element elementor-element-310fc50 elementor-widget elementor-widget-google_maps\" data-id=\"310fc50\" data-element_type=\"widget\" data-widget_type=\"google_maps.default\">\n\t\t\t\t\t\t\t<div class=\"elementor-custom-embed\">\n\t\t\t<iframe loading=\"lazy\"\n\t\t\t\t\tsrc=\"https:\/\/maps.google.com\/maps?q=GUTY%20MA%C5%81E%20CZERWONKA%2006232&#038;t=m&#038;z=10&#038;output=embed&#038;iwloc=near\"\n\t\t\t\t\ttitle=\"GUTY MA\u0141E CZERWONKA 06232\"\n\t\t\t\t\taria-label=\"GUTY MA\u0141E CZERWONKA 06232\"\n\t\t\t><\/iframe>\n\t\t<\/div>\n\t\t\t\t\t\t<\/div>\n\t\t\t\t<\/div>\n\t\t\t\t<\/div>\n\t\t","protected":false},"excerpt":{"rendered":"<p>KONTAKT Home \/ Contact Us Skontaktuj si\u0119 z nami Masz pytania? Skontaktuj si\u0119 z nami! Jeste\u015bmy do Twojej dyspozycji \u2013 ch\u0119tnie odpowiemy na wszystkie pytania, doradzimy i pomo\u017cemy w ka\u017cdej sprawie zwi\u0105zanej z nasz\u0105 ofert\u0105. Wybierz najwygodniejsz\u0105 dla Ciebie form\u0119 kontaktu: \ud83d\udce7 E-mail: biuro.weldingservices@gmail.com\ud83d\udcde Telefon: +48 516 725 059\ud83c\udfe2 Adres: GUTY MA\u0141E 15 06-232 GUTY [&hellip;]<\/p>\n","protected":false},"author":1,"featured_media":0,"parent":0,"menu_order":0,"comment_status":"closed","ping_status":"closed","template":"elementor_header_footer","meta":{"footnotes":""},"class_list":["post-14","page","type-page","status-publish","hentry"],"_links":{"self":[{"href":"https:\/\/weldingservices.pl\/index.php?rest_route=\/wp\/v2\/pages\/14","targetHints":{"allow":["GET"]}}],"collection":[{"href":"https:\/\/weldingservices.pl\/index.php?rest_route=\/wp\/v2\/pages"}],"about":[{"href":"https:\/\/weldingservices.pl\/index.php?rest_route=\/wp\/v2\/types\/page"}],"author":[{"embeddable":true,"href":"https:\/\/weldingservices.pl\/index.php?rest_route=\/wp\/v2\/users\/1"}],"replies":[{"embeddable":true,"href":"https:\/\/weldingservices.pl\/index.php?rest_route=%2Fwp%2Fv2%2Fcomments&post=14"}],"version-history":[{"count":12,"href":"https:\/\/weldingservices.pl\/index.php?rest_route=\/wp\/v2\/pages\/14\/revisions"}],"predecessor-version":[{"id":293,"href":"https:\/\/weldingservices.pl\/index.php?rest_route=\/wp\/v2\/pages\/14\/revisions\/293"}],"wp:attachment":[{"href":"https:\/\/weldingservices.pl\/index.php?rest_route=%2Fwp%2Fv2%2Fmedia&parent=14"}],"curies":[{"name":"wp","href":"https:\/\/api.w.org\/{rel}","templated":true}]}}